{"id":1574,"date":"2022-04-19T18:35:43","date_gmt":"2022-04-19T16:35:43","guid":{"rendered":"https:\/\/vacances-arbanaises.com\/?page_id=1574"},"modified":"2022-04-19T18:36:21","modified_gmt":"2022-04-19T16:36:21","slug":"a-propos-de-nous","status":"publish","type":"page","link":"https:\/\/www.vacances-arbanaises.com\/index.php\/a-propos-de-nous\/","title":{"rendered":"A propos de nous"},"content":{"rendered":"\n<figure class=\"wp-block-image size-large is-resized\"><img data-recalc-dims=\"1\" loading=\"lazy\" decoding=\"async\" data-attachment-id=\"1575\" data-permalink=\"https:\/\/www.vacances-arbanaises.com\/index.php\/a-propos-de-nous\/img_8023\/\" data-orig-file=\"https:\/\/i0.wp.com\/www.vacances-arbanaises.com\/wp-content\/uploads\/2022\/04\/IMG_8023-scaled.jpeg?fit=1920%2C2560&amp;ssl=1\" data-orig-size=\"1920,2560\" data-comments-opened=\"1\" data-image-meta=\"{&quot;aperture&quot;:&quot;2.8&quot;,&quot;credit&quot;:&quot;&quot;,&quot;camera&quot;:&quot;iPhone 8 Plus&quot;,&quot;caption&quot;:&quot;&quot;,&quot;created_timestamp&quot;:&quot;1619266519&quot;,&quot;copyright&quot;:&quot;&quot;,&quot;focal_length&quot;:&quot;6.6&quot;,&quot;iso&quot;:&quot;20&quot;,&quot;shutter_speed&quot;:&quot;0.0016260162601626&quot;,&quot;title&quot;:&quot;&quot;,&quot;orientation&quot;:&quot;0&quot;}\" data-image-title=\"IMG_8023\" data-image-description=\"\" data-image-caption=\"\" data-medium-file=\"https:\/\/i0.wp.com\/www.vacances-arbanaises.com\/wp-content\/uploads\/2022\/04\/IMG_8023-scaled.jpeg?fit=225%2C300&amp;ssl=1\" data-large-file=\"https:\/\/i0.wp.com\/www.vacances-arbanaises.com\/wp-content\/uploads\/2022\/04\/IMG_8023-scaled.jpeg?fit=768%2C1024&amp;ssl=1\" src=\"https:\/\/i0.wp.com\/www.vacances-arbanaises.com\/wp-content\/uploads\/2022\/04\/IMG_8023-768x1024.jpeg?resize=416%2C555&#038;ssl=1\" alt=\"\" class=\"wp-image-1575\" width=\"416\" height=\"555\" srcset=\"https:\/\/i0.wp.com\/www.vacances-arbanaises.com\/wp-content\/uploads\/2022\/04\/IMG_8023-scaled.jpeg?resize=768%2C1024&amp;ssl=1 768w, https:\/\/i0.wp.com\/www.vacances-arbanaises.com\/wp-content\/uploads\/2022\/04\/IMG_8023-scaled.jpeg?resize=225%2C300&amp;ssl=1 225w, https:\/\/i0.wp.com\/www.vacances-arbanaises.com\/wp-content\/uploads\/2022\/04\/IMG_8023-scaled.jpeg?resize=1152%2C1536&amp;ssl=1 1152w, https:\/\/i0.wp.com\/www.vacances-arbanaises.com\/wp-content\/uploads\/2022\/04\/IMG_8023-scaled.jpeg?resize=1536%2C2048&amp;ssl=1 1536w, https:\/\/i0.wp.com\/www.vacances-arbanaises.com\/wp-content\/uploads\/2022\/04\/IMG_8023-scaled.jpeg?resize=2000%2C2667&amp;ssl=1 2000w, https:\/\/i0.wp.com\/www.vacances-arbanaises.com\/wp-content\/uploads\/2022\/04\/IMG_8023-scaled.jpeg?resize=464%2C618&amp;ssl=1 464w, https:\/\/i0.wp.com\/www.vacances-arbanaises.com\/wp-content\/uploads\/2022\/04\/IMG_8023-scaled.jpeg?w=1920&amp;ssl=1 1920w\" sizes=\"auto, (max-width: 416px) 100vw, 416px\" \/><\/figure>\n\n\n\n<p>Zita et Antoine ont cr\u00e9\u00e9 Vacances Arbanaises dans un seul but: vous faire d\u00e9couvrir les merveilles de la presqu\u2019\u00eele de Giens, endroit dont ils sont tomb\u00e9s amoureux au premier regard.<\/p>\n\n\n\n<p>La s\u00e9r\u00e9nit\u00e9 qui se d\u00e9gage de Giens est unique, l\u2019endroit est hors du temps sans \u00eatre totalement d\u00e9connect\u00e9 du reste du monde. C\u2019est la particularit\u00e9 de la presqu\u2019ile\u2026 Nos appartements ont \u00e9t\u00e9 tous r\u00e9nov\u00e9s dans le seul but de garder un soup\u00e7on de modernit\u00e9 et de  confort dans cet environnement propice \u00e0 la m\u00e9ditation, au calme, \u00e0 l\u2019art et aux vacances sans stress.<\/p>\n\n\n\n<p>En cas de besoin, n\u2019h\u00e9sitez pas \u00e0 prendre contact avec nous et \u00e0 laisser un avis sur notre site:<\/p>\n\n\n\n<p><br>https:\/\/www.vacances-arbanaises.com<br>contact@vacances-arbanaises.com<br>+33 6 49 85 91 05 (tel, WhatsApp ou SMS)<\/p>\n","protected":false},"excerpt":{"rendered":"<p>Zita et Antoine ont cr\u00e9\u00e9 Vacances Arbanaises dans un seul but: vous faire d\u00e9couvrir les merveilles de la presqu\u2019\u00eele de Giens, endroit dont ils sont tomb\u00e9s amoureux au premier regard. La s\u00e9r\u00e9nit\u00e9 qui se d\u00e9gage de Giens est unique, l\u2019endroit est hors du temps sans \u00eatre totalement d\u00e9connect\u00e9 du reste du monde. C\u2019est la particularit\u00e9 &hellip; <a href=\"https:\/\/www.vacances-arbanaises.com\/index.php\/a-propos-de-nous\/\" class=\"more-link\">Continue reading<span class=\"screen-reader-text\"> \u00ab\u00a0A propos de nous\u00a0\u00bb<\/span><\/a><\/p>\n","protected":false},"author":1,"featured_media":0,"parent":0,"menu_order":0,"comment_status":"closed","ping_status":"closed","template":"","meta":{"footnotes":""},"class_list":["post-1574","page","type-page","status-publish","hentry"],"jetpack_sharing_enabled":true,"_links":{"self":[{"href":"https:\/\/www.vacances-arbanaises.com\/index.php\/wp-json\/wp\/v2\/pages\/1574","targetHints":{"allow":["GET"]}}],"collection":[{"href":"https:\/\/www.vacances-arbanaises.com\/index.php\/wp-json\/wp\/v2\/pages"}],"about":[{"href":"https:\/\/www.vacances-arbanaises.com\/index.php\/wp-json\/wp\/v2\/types\/page"}],"author":[{"embeddable":true,"href":"https:\/\/www.vacances-arbanaises.com\/index.php\/wp-json\/wp\/v2\/users\/1"}],"replies":[{"embeddable":true,"href":"https:\/\/www.vacances-arbanaises.com\/index.php\/wp-json\/wp\/v2\/comments?post=1574"}],"version-history":[{"count":1,"href":"https:\/\/www.vacances-arbanaises.com\/index.php\/wp-json\/wp\/v2\/pages\/1574\/revisions"}],"predecessor-version":[{"id":1578,"href":"https:\/\/www.vacances-arbanaises.com\/index.php\/wp-json\/wp\/v2\/pages\/1574\/revisions\/1578"}],"wp:attachment":[{"href":"https:\/\/www.vacances-arbanaises.com\/index.php\/wp-json\/wp\/v2\/media?parent=1574"}],"curies":[{"name":"wp","href":"https:\/\/api.w.org\/{rel}","templated":true}]}}