{"id":462,"date":"2021-12-31T15:38:20","date_gmt":"2021-12-31T14:38:20","guid":{"rendered":"https:\/\/vacances-arbanaises.com\/index.php\/activites-dans-la-region\/plongee-sous-marine-dans-lun-des-meilleurs-spots-europeens\/"},"modified":"2023-04-26T14:45:54","modified_gmt":"2023-04-26T12:45:54","slug":"plongee-sous-marine-dans-lun-des-meilleurs-spots-europeens","status":"publish","type":"page","link":"https:\/\/www.vacances-arbanaises.com\/index.php\/activites-dans-la-region\/plongee-sous-marine-dans-lun-des-meilleurs-spots-europeens\/","title":{"rendered":"Plong\u00e9e sous-marine dans l&rsquo;un des meilleurs spots europ\u00e9ens !"},"content":{"rendered":"<div class=\"wp-block-image\">\n<figure class=\"aligncenter size-full is-resized\"><img data-recalc-dims=\"1\" loading=\"lazy\" decoding=\"async\" data-attachment-id=\"387\" data-permalink=\"https:\/\/www.vacances-arbanaises.com\/index.php\/activites-dans-la-region\/plongee-sous-marine-dans-lun-des-meilleurs-spots-europeens\/9417637-diaporama-2\/\" data-orig-file=\"https:\/\/i0.wp.com\/www.vacances-arbanaises.com\/wp-content\/uploads\/2021\/12\/9417637-diaporama.jpg?fit=1024%2C658&amp;ssl=1\" data-orig-size=\"1024,658\" data-comments-opened=\"1\" data-image-meta=\"{&quot;aperture&quot;:&quot;0&quot;,&quot;credit&quot;:&quot;Franck LUDI&quot;,&quot;camera&quot;:&quot;&quot;,&quot;caption&quot;:&quot;&quot;,&quot;created_timestamp&quot;:&quot;0&quot;,&quot;copyright&quot;:&quot;Franck LUDI&quot;,&quot;focal_length&quot;:&quot;0&quot;,&quot;iso&quot;:&quot;0&quot;,&quot;shutter_speed&quot;:&quot;0&quot;,&quot;title&quot;:&quot;&quot;,&quot;orientation&quot;:&quot;0&quot;}\" data-image-title=\"9417637-diaporama\" data-image-description=\"\" data-image-caption=\"&lt;p&gt;Mio Palmo Plong\u00e9e&lt;\/p&gt;\n\" data-large-file=\"https:\/\/i0.wp.com\/www.vacances-arbanaises.com\/wp-content\/uploads\/2021\/12\/9417637-diaporama.jpg?fit=769%2C494&amp;ssl=1\" src=\"https:\/\/i0.wp.com\/www.vacances-arbanaises.com\/wp-content\/uploads\/2021\/12\/9417637-diaporama.jpg?resize=568%2C365&#038;ssl=1\" alt=\"\" class=\"wp-image-387\" width=\"568\" height=\"365\" srcset=\"https:\/\/i0.wp.com\/www.vacances-arbanaises.com\/wp-content\/uploads\/2021\/12\/9417637-diaporama.jpg?w=1024&amp;ssl=1 1024w, https:\/\/i0.wp.com\/www.vacances-arbanaises.com\/wp-content\/uploads\/2021\/12\/9417637-diaporama.jpg?resize=300%2C193&amp;ssl=1 300w, https:\/\/i0.wp.com\/www.vacances-arbanaises.com\/wp-content\/uploads\/2021\/12\/9417637-diaporama.jpg?resize=768%2C494&amp;ssl=1 768w, https:\/\/i0.wp.com\/www.vacances-arbanaises.com\/wp-content\/uploads\/2021\/12\/9417637-diaporama.jpg?resize=962%2C618&amp;ssl=1 962w\" sizes=\"auto, (max-width: 568px) 100vw, 568px\" \/><figcaption class=\"wp-element-caption\">Mio Palmo Plong\u00e9e<\/figcaption><\/figure>\n<\/div>\n\n<p>Int\u00e9ress\u00e9 par une magnifique exp\u00e9rience de plong\u00e9e sous-marine ?<\/p>\n<p><!--more--><\/p>\n<p>Les \u00eeles d&rsquo;or sont connues pour \u00eatre l&rsquo;un des meilleurs sites de plong\u00e9e sous-marine en Europe.<\/p>\n<p>Hubert organisera la visite pour vous, vous pouvez le contacter \u00e0 Mio Palmo Hy\u00e8res, sur le port principal.<\/p>\n<p>Tr\u00e8s professionnel, tr\u00e8s s\u00e9curitaire, tr\u00e8s gentil ! Ne le manquez pas.<\/p>","protected":false},"excerpt":{"rendered":"<p>Int\u00e9ress\u00e9 par une magnifique exp\u00e9rience de plong\u00e9e sous-marine ?<\/p>\n","protected":false},"author":1,"featured_media":0,"parent":458,"menu_order":0,"comment_status":"closed","ping_status":"closed","template":"","meta":{"footnotes":""},"class_list":["post-462","page","type-page","status-publish","hentry"],"jetpack_sharing_enabled":true,"_links":{"self":[{"href":"https:\/\/www.vacances-arbanaises.com\/index.php\/wp-json\/wp\/v2\/pages\/462","targetHints":{"allow":["GET"]}}],"collection":[{"href":"https:\/\/www.vacances-arbanaises.com\/index.php\/wp-json\/wp\/v2\/pages"}],"about":[{"href":"https:\/\/www.vacances-arbanaises.com\/index.php\/wp-json\/wp\/v2\/types\/page"}],"author":[{"embeddable":true,"href":"https:\/\/www.vacances-arbanaises.com\/index.php\/wp-json\/wp\/v2\/users\/1"}],"replies":[{"embeddable":true,"href":"https:\/\/www.vacances-arbanaises.com\/index.php\/wp-json\/wp\/v2\/comments?post=462"}],"version-history":[{"count":2,"href":"https:\/\/www.vacances-arbanaises.com\/index.php\/wp-json\/wp\/v2\/pages\/462\/revisions"}],"predecessor-version":[{"id":5842,"href":"https:\/\/www.vacances-arbanaises.com\/index.php\/wp-json\/wp\/v2\/pages\/462\/revisions\/5842"}],"up":[{"embeddable":true,"href":"https:\/\/www.vacances-arbanaises.com\/index.php\/wp-json\/wp\/v2\/pages\/458"}],"wp:attachment":[{"href":"https:\/\/www.vacances-arbanaises.com\/index.php\/wp-json\/wp\/v2\/media?parent=462"}],"curies":[{"name":"wp","href":"https:\/\/api.w.org\/{rel}","templated":true}]}}