{"id":463,"date":"2021-12-31T15:39:48","date_gmt":"2021-12-31T14:39:48","guid":{"rendered":"https:\/\/vacances-arbanaises.com\/index.php\/activites-dans-la-region\/regardez-le-match-au-stade-velodrome\/"},"modified":"2021-12-31T15:39:48","modified_gmt":"2021-12-31T14:39:48","slug":"regardez-le-match-au-stade-velodrome","status":"publish","type":"page","link":"https:\/\/www.vacances-arbanaises.com\/index.php\/activites-dans-la-region\/regardez-le-match-au-stade-velodrome\/","title":{"rendered":"Regardez le match au Stade V\u00e9lodrome"},"content":{"rendered":"<p>Int\u00e9ress\u00e9 par le foot ? Alors il faut absolument aller voir un match \u00e0 Marseille et son c\u00e9l\u00e8bre stade, le V\u00e9lodrome.<\/p>\n<p><!--more--><\/p>\n<p>Consultez les dates des matchs sur le calendrier de la Ligue 1 et r\u00e9servez vos billets sur www.om.net !<\/p>\n<p>Situ\u00e9e \u00e0 seulement 80km de la presqu&rsquo;\u00eele, vous pourrez facilement vous rendre \u00e0 Marseille, et pas seulement pour le Football (Notre Dame de la Garde, Vieux Port, Les Calanques&#8230;)<\/p>\n","protected":false},"excerpt":{"rendered":"<p>Int\u00e9ress\u00e9 par le foot ? Alors il faut absolument aller voir un match \u00e0 Marseille et son c\u00e9l\u00e8bre stade, le V\u00e9lodrome.<\/p>\n","protected":false},"author":1,"featured_media":405,"parent":458,"menu_order":0,"comment_status":"closed","ping_status":"closed","template":"","meta":{"footnotes":""},"class_list":["post-463","page","type-page","status-publish","has-post-thumbnail","hentry"],"jetpack_sharing_enabled":true,"_links":{"self":[{"href":"https:\/\/www.vacances-arbanaises.com\/index.php\/wp-json\/wp\/v2\/pages\/463","targetHints":{"allow":["GET"]}}],"collection":[{"href":"https:\/\/www.vacances-arbanaises.com\/index.php\/wp-json\/wp\/v2\/pages"}],"about":[{"href":"https:\/\/www.vacances-arbanaises.com\/index.php\/wp-json\/wp\/v2\/types\/page"}],"author":[{"embeddable":true,"href":"https:\/\/www.vacances-arbanaises.com\/index.php\/wp-json\/wp\/v2\/users\/1"}],"replies":[{"embeddable":true,"href":"https:\/\/www.vacances-arbanaises.com\/index.php\/wp-json\/wp\/v2\/comments?post=463"}],"version-history":[{"count":0,"href":"https:\/\/www.vacances-arbanaises.com\/index.php\/wp-json\/wp\/v2\/pages\/463\/revisions"}],"up":[{"embeddable":true,"href":"https:\/\/www.vacances-arbanaises.com\/index.php\/wp-json\/wp\/v2\/pages\/458"}],"wp:featuredmedia":[{"embeddable":true,"href":"https:\/\/www.vacances-arbanaises.com\/index.php\/wp-json\/wp\/v2\/media\/405"}],"wp:attachment":[{"href":"https:\/\/www.vacances-arbanaises.com\/index.php\/wp-json\/wp\/v2\/media?parent=463"}],"curies":[{"name":"wp","href":"https:\/\/api.w.org\/{rel}","templated":true}]}}