{"id":5590,"date":"2023-04-25T08:47:30","date_gmt":"2023-04-25T06:47:30","guid":{"rendered":"https:\/\/vacances-arbanaises.com\/index.php\/le-sentier-littoral\/"},"modified":"2023-04-25T08:47:30","modified_gmt":"2023-04-25T06:47:30","slug":"le-sentier-littoral","status":"publish","type":"page","link":"https:\/\/www.vacances-arbanaises.com\/index.php\/le-sentier-littoral\/","title":{"rendered":"Le sentier Littoral"},"content":{"rendered":"\n<p>Pour profiter de cette promenade, il faut descendre la rue en face de la Pharmacie, \u00e0 l&rsquo;oppos\u00e9 du village.<br\/>Ensuite, apr\u00e8s l&rsquo;h\u00f4pital, prendre \u00e0 droite le \u00ab\u00a0Chemin Saint John Perse\u00a0\u00bb et suivre les signes jaunes.<\/p>\n\n<figure class=\"wp-block-image size-full\"><img data-recalc-dims=\"1\" decoding=\"async\" data-attachment-id=\"5568\" data-permalink=\"https:\/\/www.vacances-arbanaises.com\/img_2435\/\" data-orig-file=\"https:\/\/i0.wp.com\/www.vacances-arbanaises.com\/wp-content\/uploads\/2023\/04\/img_2435.jpg?fit=%2C&amp;ssl=1\" data-orig-size=\"\" data-comments-opened=\"0\" data-image-meta=\"[]\" data-image-title=\"img_2435\" data-image-description=\"\" data-image-caption=\"\" data-large-file=\"https:\/\/i0.wp.com\/www.vacances-arbanaises.com\/wp-content\/uploads\/2023\/04\/img_2435.jpg?fit=1024%2C1024&amp;ssl=1\" src=\"https:\/\/i0.wp.com\/www.vacances-arbanaises.com\/wp-content\/uploads\/2023\/04\/img_2435.jpg?w=769&#038;ssl=1\" alt=\"\" class=\"wp-image-5568\"\/><\/figure>\n<p>Suivre ce chemin jusqu&rsquo;au Port Auguier :<\/p>\n\n<figure class=\"wp-block-image size-large is-resized\"><img data-recalc-dims=\"1\" loading=\"lazy\" decoding=\"async\" data-attachment-id=\"856\" data-permalink=\"https:\/\/www.vacances-arbanaises.com\/auguier\/\" data-orig-file=\"https:\/\/i0.wp.com\/www.vacances-arbanaises.com\/wp-content\/uploads\/2022\/01\/auguier.jpg?fit=1447%2C500&amp;ssl=1\" data-orig-size=\"1447,500\" data-comments-opened=\"1\" data-image-meta=\"{&quot;aperture&quot;:&quot;0&quot;,&quot;credit&quot;:&quot;&quot;,&quot;camera&quot;:&quot;&quot;,&quot;caption&quot;:&quot;&quot;,&quot;created_timestamp&quot;:&quot;0&quot;,&quot;copyright&quot;:&quot;&quot;,&quot;focal_length&quot;:&quot;0&quot;,&quot;iso&quot;:&quot;0&quot;,&quot;shutter_speed&quot;:&quot;0&quot;,&quot;title&quot;:&quot;&quot;,&quot;orientation&quot;:&quot;0&quot;}\" data-image-title=\"auguier\" data-image-description=\"\" data-image-caption=\"\" data-large-file=\"https:\/\/i0.wp.com\/www.vacances-arbanaises.com\/wp-content\/uploads\/2022\/01\/auguier.jpg?fit=769%2C266&amp;ssl=1\" src=\"https:\/\/i0.wp.com\/www.vacances-arbanaises.com\/wp-content\/uploads\/2022\/01\/auguier.jpg?resize=769%2C265&#038;ssl=1\" alt=\"\" class=\"wp-image-856\" width=\"769\" height=\"265\" srcset=\"https:\/\/i0.wp.com\/www.vacances-arbanaises.com\/wp-content\/uploads\/2022\/01\/auguier.jpg?resize=1024%2C354&amp;ssl=1 1024w, https:\/\/i0.wp.com\/www.vacances-arbanaises.com\/wp-content\/uploads\/2022\/01\/auguier.jpg?resize=300%2C104&amp;ssl=1 300w, https:\/\/i0.wp.com\/www.vacances-arbanaises.com\/wp-content\/uploads\/2022\/01\/auguier.jpg?resize=768%2C265&amp;ssl=1 768w, https:\/\/i0.wp.com\/www.vacances-arbanaises.com\/wp-content\/uploads\/2022\/01\/auguier.jpg?w=1447&amp;ssl=1 1447w\" sizes=\"auto, (max-width: 769px) 100vw, 769px\" \/><\/figure>\n<p>Vous pouvez continuer jusqu&rsquo;au Pradeau Plage, ou revenir par la route principale ou par le m\u00eame chemin. Si le vent est faible, ne manquez pas la petite plage avant d&rsquo;arriver au port, devant l&rsquo;\u00eele du Grand Ribaud. Vous pourriez \u00eatre seuls au monde ici&#8230;<\/p>\n\n<figure class=\"wp-block-image size-full\"><img data-recalc-dims=\"1\" loading=\"lazy\" decoding=\"async\" width=\"769\" height=\"1025\" data-attachment-id=\"5585\" data-permalink=\"https:\/\/www.vacances-arbanaises.com\/img_2321\/\" data-orig-file=\"https:\/\/i0.wp.com\/www.vacances-arbanaises.com\/wp-content\/uploads\/2023\/04\/img_2321-scaled.jpg?fit=1920%2C2560&amp;ssl=1\" data-orig-size=\"1920,2560\" data-comments-opened=\"0\" data-image-meta=\"{&quot;aperture&quot;:&quot;1.6&quot;,&quot;credit&quot;:&quot;&quot;,&quot;camera&quot;:&quot;iPhone 13 mini&quot;,&quot;caption&quot;:&quot;&quot;,&quot;created_timestamp&quot;:&quot;1681126915&quot;,&quot;copyright&quot;:&quot;&quot;,&quot;focal_length&quot;:&quot;5.1&quot;,&quot;iso&quot;:&quot;50&quot;,&quot;shutter_speed&quot;:&quot;0.00014499057561259&quot;,&quot;title&quot;:&quot;&quot;,&quot;orientation&quot;:&quot;1&quot;}\" data-image-title=\"img_2321\" data-image-description=\"\" data-image-caption=\"\" data-large-file=\"https:\/\/i0.wp.com\/www.vacances-arbanaises.com\/wp-content\/uploads\/2023\/04\/img_2321-scaled.jpg?fit=769%2C1024&amp;ssl=1\" src=\"https:\/\/i0.wp.com\/www.vacances-arbanaises.com\/wp-content\/uploads\/2023\/04\/img_2321-scaled.jpg?resize=769%2C1025&#038;ssl=1\" alt=\"\" class=\"wp-image-5585\"\/><\/figure>","protected":false},"excerpt":{"rendered":"<p>Pour profiter de cette promenade, il faut descendre la rue en face de la Pharmacie, \u00e0 l&rsquo;oppos\u00e9 du village.Ensuite, apr\u00e8s l&rsquo;h\u00f4pital, prendre \u00e0 droite le \u00ab\u00a0Chemin Saint John Perse\u00a0\u00bb et suivre les signes jaunes. Suivre ce chemin jusqu&rsquo;au Port Auguier : Vous pouvez continuer jusqu&rsquo;au Pradeau Plage, ou revenir par la route principale ou par &hellip; <a href=\"https:\/\/www.vacances-arbanaises.com\/index.php\/le-sentier-littoral\/\" class=\"more-link\">Continue reading<span class=\"screen-reader-text\"> \u00ab\u00a0Le sentier Littoral\u00a0\u00bb<\/span><\/a><\/p>\n","protected":false},"author":1,"featured_media":0,"parent":0,"menu_order":0,"comment_status":"closed","ping_status":"closed","template":"","meta":{"footnotes":""},"class_list":["post-5590","page","type-page","status-publish","hentry"],"jetpack_sharing_enabled":true,"_links":{"self":[{"href":"https:\/\/www.vacances-arbanaises.com\/index.php\/wp-json\/wp\/v2\/pages\/5590","targetHints":{"allow":["GET"]}}],"collection":[{"href":"https:\/\/www.vacances-arbanaises.com\/index.php\/wp-json\/wp\/v2\/pages"}],"about":[{"href":"https:\/\/www.vacances-arbanaises.com\/index.php\/wp-json\/wp\/v2\/types\/page"}],"author":[{"embeddable":true,"href":"https:\/\/www.vacances-arbanaises.com\/index.php\/wp-json\/wp\/v2\/users\/1"}],"replies":[{"embeddable":true,"href":"https:\/\/www.vacances-arbanaises.com\/index.php\/wp-json\/wp\/v2\/comments?post=5590"}],"version-history":[{"count":1,"href":"https:\/\/www.vacances-arbanaises.com\/index.php\/wp-json\/wp\/v2\/pages\/5590\/revisions"}],"predecessor-version":[{"id":5591,"href":"https:\/\/www.vacances-arbanaises.com\/index.php\/wp-json\/wp\/v2\/pages\/5590\/revisions\/5591"}],"wp:attachment":[{"href":"https:\/\/www.vacances-arbanaises.com\/index.php\/wp-json\/wp\/v2\/media?parent=5590"}],"curies":[{"name":"wp","href":"https:\/\/api.w.org\/{rel}","templated":true}]}}