{"id":611,"date":"2022-01-04T15:18:33","date_gmt":"2022-01-04T14:18:33","guid":{"rendered":"https:\/\/vacances-arbanaises.com\/index.php\/nos-recommandations\/"},"modified":"2024-07-30T17:55:30","modified_gmt":"2024-07-30T15:55:30","slug":"nos-recommandations","status":"publish","type":"page","link":"https:\/\/www.vacances-arbanaises.com\/index.php\/nos-recommandations\/","title":{"rendered":"Nos recommandations"},"content":{"rendered":"\n<h2 class=\"wp-block-heading\" id=\"restaurants\">Restaurants<\/h2>\n\n<ul class=\"wp-block-list\">\n<li>Le Pradeau Plage : <a href=\"http:\/\/pradeauplage.com\/\" target=\"_blank\" rel=\"noreferrer noopener\">http:\/\/pradeauplage.com\/<\/a><br\/>Excellents fruits de mer, excellent endroit, excellente vue, excellent personnel, excellent TOUT. Hautement recommand\u00e9<\/li>\n\n\n\n<li>Le Domaine de la Mer : <a href=\"https:\/\/www.domainedelamer.com\/restaurant-le-noe\/\" target=\"_blank\" rel=\"noreferrer noopener\">https:\/\/www.domainedelamer.com\/restaurant-le-noe<\/a>Absolument incroyable, restaurant de plage \u00e0 La Badine<\/li>\n\n\n\n<li>La Mandra : <a href=\"https:\/\/www.restaurant-la-mandra.fr\/\" target=\"_blank\" rel=\"noreferrer noopener\">https:\/\/www.restaurant-la-mandra.fr\/<\/a><br\/>Id\u00e9alement situ\u00e9 avec vue sur la plage de l&rsquo;Almanarre, cuisine fra\u00eeche et de qualit\u00e9 en g\u00e9n\u00e9ral.<\/li>\n\n\n\n<li>La Jeannette au c\u0153ur de Giens : <a href=\"https:\/\/www.restaurant-la-jeannette.com\/\">https:\/\/www.restaurant-la-jeannette.com\/<\/a><br\/>Uniquement des produits locaux, tr\u00e8s frais.<\/li>\n\n\n\n<li>Les pins pench\u00e9s : <a href=\"https:\/\/www.lespinspenches.com\/\" target=\"_blank\" rel=\"noreferrer noopener\">https:\/\/www.lespinspenches.com\/<\/a><br\/>Pas \u00e0 Giens mais vaut la peine de prendre la route de Toulon. Classe et vue magnifique. La nourriture est incroyable.<\/li>\n\n\n\n<li>La Table du Lodge : <a href=\"https:\/\/www.latabledulodge.com\/en\/\">https:\/\/www.latabledulodge.com\/en\/<\/a><br\/>Sous les pins et au bord de la mer<\/li>\n\n\n\n<li>Playa Pachamama : <a href=\"https:\/\/www.instagram.com\/playa_pachamama\/\">https:\/\/www.instagram.com\/playa_pachamama\/<\/a><br\/>Endroit superbe connu auparavant sous le nom de Le Carbet, plage priv\u00e9e.<\/li>\n<\/ul>\n\n<h2 class=\"wp-block-heading\" id=\"tours\">Visites<\/h2>\n\n<ul class=\"wp-block-list\">\n<li>Louez un bateau \u00e0 la Route du Sud : <a href=\"https:\/\/www.routedusud.com\/\" target=\"_blank\" rel=\"noreferrer noopener\">https:\/\/www.routedusud.com\/<\/a><\/li>\n\n\n\n<li>Plong\u00e9e sous-marine avec Mio Palmo Plong\u00e9e : <a href=\"http:\/\/www.miopalmoplongee.com\/le-centre\/centre-hyeres.php\" target=\"_blank\" rel=\"noreferrer noopener\">http:\/\/www.miopalmoplongee.com\/le-centre\/centre-hyeres.php<\/a><\/li>\n\n\n\n<li>Kite Surf \u00e0 la plage de l&rsquo;Almanarre : <a href=\"https:\/\/kitesurf-var.com\/\">https:\/\/kitesurf-var.com\/<\/a><\/li>\n\n\n\n<li>Balades autour de la presqu&rsquo;\u00eele<\/li>\n\n\n\n<li>Visite de Porquerolles et de Port Cros, en navette (prenez vos billets en ligne sur <a href=\"https:\/\/www.tlv-tvm.com\/\">https:\/\/www.tlv-tvm.com\/)<\/a> : <a href=\"http:\/\/www.portcros-parcnational.fr\/fr\/des-decouvertes\/sejourner\/venir-dans-le-parc-national-de-port-cros\" target=\"_blank\" rel=\"noreferrer noopener\">http:\/\/www.portcros-parcnational.fr\/fr\/des-decouvertes\/sejourner\/venir-dans-le-parc-national-de-port-cros<\/a><\/li>\n\n\n\n<li>Location de v\u00e9los sur la p\u00e9ninsule : <a href=\"https:\/\/loca-bikes.com\/\">https:\/\/loca-bikes.com\/<\/a><\/li>\n<\/ul>\n\n<h2 class=\"wp-block-heading\" id=\"beaches\">Plages<\/h2>\n\n<ul class=\"wp-block-list\">\n<li>Plage de l&rsquo;Almanarre : \u00e0 10 minutes \u00e0 pied des appartements, id\u00e9ale pour les sports nautiques <a href=\"https:\/\/www.hyeres-tourisme.com\/equipement-loisir\/plage-de-lalmanarre\/\" target=\"_blank\" rel=\"noreferrer noopener\">https:\/\/www.hyeres-tourisme.com\/equipement-loisir\/plage-de-lalmanarre\/<\/a><\/li>\n\n\n\n<li>Plage de La Bergerie : 12 minutes \u00e0 pied des appartements, id\u00e9ale pour les familles <a href=\"https:\/\/www.hyeres-tourisme.com\/equipement-loisir\/plage-de-la-bergerie\" target=\"_blank\" rel=\"noreferrer noopener\">https:\/\/www.hyeres-tourisme.com\/equipement-loisir\/plage-de-la-bergerie\/<\/a> <\/li>\n\n\n\n<li>Playa Pachamama : <a href=\"https:\/\/www.instagram.com\/playa_pachamama\/\">https:\/\/www.instagram.com\/playa_pachamama\/<\/a><\/li>\n<\/ul>\n\n<h2 class=\"wp-block-heading\" id=\"wine\">Vin<\/h2>\n\n<ul class=\"wp-block-list\">\n<li>Port Auguier : <a href=\"https:\/\/www.giens.com\/le-domaine\/\" target=\"_blank\" rel=\"noreferrer noopener\">https:\/\/www.giens.com\/le-domaine\/<\/a><\/li>\n\n\n\n<li>Domaine Sainte Marguerite : <a href=\"https:\/\/www.chateausaintemarguerite.com\/\" target=\"_blank\" rel=\"noreferrer noopener\">https:\/\/www.chateausaintemarguerite.com\/<\/a><\/li>\n<\/ul>\n","protected":false},"excerpt":{"rendered":"<p>Restaurants Visites Plages Vin<\/p>\n","protected":false},"author":1,"featured_media":0,"parent":0,"menu_order":0,"comment_status":"closed","ping_status":"closed","template":"","meta":{"footnotes":""},"class_list":["post-611","page","type-page","status-publish","hentry"],"jetpack_sharing_enabled":true,"_links":{"self":[{"href":"https:\/\/www.vacances-arbanaises.com\/index.php\/wp-json\/wp\/v2\/pages\/611","targetHints":{"allow":["GET"]}}],"collection":[{"href":"https:\/\/www.vacances-arbanaises.com\/index.php\/wp-json\/wp\/v2\/pages"}],"about":[{"href":"https:\/\/www.vacances-arbanaises.com\/index.php\/wp-json\/wp\/v2\/types\/page"}],"author":[{"embeddable":true,"href":"https:\/\/www.vacances-arbanaises.com\/index.php\/wp-json\/wp\/v2\/users\/1"}],"replies":[{"embeddable":true,"href":"https:\/\/www.vacances-arbanaises.com\/index.php\/wp-json\/wp\/v2\/comments?post=611"}],"version-history":[{"count":22,"href":"https:\/\/www.vacances-arbanaises.com\/index.php\/wp-json\/wp\/v2\/pages\/611\/revisions"}],"predecessor-version":[{"id":16392,"href":"https:\/\/www.vacances-arbanaises.com\/index.php\/wp-json\/wp\/v2\/pages\/611\/revisions\/16392"}],"wp:attachment":[{"href":"https:\/\/www.vacances-arbanaises.com\/index.php\/wp-json\/wp\/v2\/media?parent=611"}],"curies":[{"name":"wp","href":"https:\/\/api.w.org\/{rel}","templated":true}]}}